{"id":101,"date":"2019-09-11T21:34:34","date_gmt":"2019-09-11T21:34:34","guid":{"rendered":"https:\/\/loteriacallealtasantander.com\/?page_id=101"},"modified":"2024-06-25T10:21:21","modified_gmt":"2024-06-25T10:21:21","slug":"101-2","status":"publish","type":"page","link":"https:\/\/loteriacallealtasantander.com\/","title":{"rendered":"Calle Alta 66 &#8211; Administraci\u00f3n de Loter\u00eda 31 en Santander"},"content":{"rendered":"<p>[et_pb_section fb_built=\u00bb1&#8243; _builder_version=\u00bb3.28&#8243; custom_margin=\u00bb||3px|||\u00bb custom_padding=\u00bb37px||37px|||\u00bb fb_built=\u00bb1&#8243; _i=\u00bb0&#8243; _address=\u00bb0&#8243;][et_pb_row column_structure=\u00bb1_3,2_3&#8243; _builder_version=\u00bb3.28&#8243; custom_padding=\u00bb||53px|||\u00bb _i=\u00bb0&#8243; _address=\u00bb0.0&#8243;][et_pb_column type=\u00bb1_3&#8243; _builder_version=\u00bb3.28&#8243; _i=\u00bb0&#8243; _address=\u00bb0.0.0&#8243;][et_pb_image src=\u00bbhttps:\/\/loteriacallealtasantander.com\/wp-content\/uploads\/2024\/04\/logo-sin-fondo.png\u00bb _builder_version=\u00bb3.28&#8243; _i=\u00bb0&#8243; _address=\u00bb0.0.0.0&#8243;][\/et_pb_image][\/et_pb_column][et_pb_column type=\u00bb2_3&#8243; _builder_version=\u00bb3.28&#8243; _i=\u00bb1&#8243; _address=\u00bb0.0.1&#8243;][et_pb_image src=\u00bbhttps:\/\/loteriacallealtasantander.com\/wp-content\/uploads\/2024\/04\/Fachada-exterior-scaled.jpg\u00bb _builder_version=\u00bb3.28&#8243; _i=\u00bb0&#8243; _address=\u00bb0.0.1.0&#8243;][\/et_pb_image][\/et_pb_column][\/et_pb_row][\/et_pb_section][et_pb_section fb_built=\u00bb1&#8243; _builder_version=\u00bb3.28&#8243; background_color=\u00bbrgba(9,133,249,0.1)\u00bb fb_built=\u00bb1&#8243; _i=\u00bb1&#8243; _address=\u00bb1&#8243;][et_pb_row column_structure=\u00bb1_2,1_2&#8243; _builder_version=\u00bb3.28&#8243; width=\u00bb94.4%\u00bb custom_margin=\u00bb||||false|false\u00bb custom_padding=\u00bb31px|||||\u00bb _i=\u00bb0&#8243; _address=\u00bb1.0&#8243;][et_pb_column type=\u00bb1_2&#8243; _builder_version=\u00bb3.28&#8243; _i=\u00bb0&#8243; _address=\u00bb1.0.0&#8243;][et_pb_button button_text=\u00bbLOTER\u00cdA DE NAVIDAD PARA BARES Y EMPRESAS\u00bb button_alignment=\u00bbcenter\u00bb _builder_version=\u00bb3.28&#8243; custom_button=\u00bbon\u00bb button_text_size=\u00bb26px\u00bb button_text_color=\u00bb#ffffff\u00bb button_bg_color=\u00bb#0c71c3&#8243; button_border_width=\u00bb11px\u00bb button_border_color=\u00bb#0c71c3&#8243; button_border_radius=\u00bb47px\u00bb button_letter_spacing=\u00bb0px\u00bb button_font=\u00bb|700|||||||\u00bb button_use_icon=\u00bboff\u00bb button_bg_enable_color=\u00bbon\u00bb _i=\u00bb0&#8243; _address=\u00bb1.0.0.0&#8243;][\/et_pb_button][et_pb_text _builder_version=\u00bb3.28&#8243; text_font=\u00bbArchivo||||||||\u00bb text_font_size=\u00bb17px\u00bb text_letter_spacing=\u00bb1px\u00bb text_line_height=\u00bb1.8em\u00bb header_font_size=\u00bb22px\u00bb background_layout=\u00bbdark\u00bb width=\u00bb90%\u00bb module_alignment=\u00bbcenter\u00bb custom_margin=\u00bb|0px|||false|false\u00bb custom_padding=\u00bb0px||||false|false\u00bb _i=\u00bb1&#8243; _address=\u00bb1.0.0.1&#8243;]<\/p>\n<p style=\"text-align: center;\"><span style=\"font-size: large;\"><span style=\"color: #474747;\">Podemos incluirte en nuestra ruta de entrega.<\/span><\/span><br \/> <span style=\"font-size: large;\"> <span style=\"color: #666666;\"><\/span><\/span><\/p>\n<p style=\"text-align: center;\"><span style=\"font-size: large;\"><span style=\"color: #474747;\">Pregunta sin compromiso.<\/span><\/span><\/p>\n<p style=\"text-align: center;\"><span style=\"font-size: large;\"><span style=\"color: #474747;\">Desde Santander a Torrelavega, de Cuchia a Alceda.\u00a0<\/span><\/span><\/p>\n<p style=\"text-align: center;\"><span style=\"font-size: large;\"><span style=\"color: #474747;\">Nosotros te la llevamos.\u00a0<\/span><\/span><\/p>\n<p style=\"text-align: center;\"><span style=\"font-size: large;\"><span style=\"color: #474747;\"><\/span><\/span><\/p>\n<p style=\"text-align: center;\"><span style=\"font-size: large;\"><span style=\"color: #474747;\"><\/span><\/span><\/p>\n<p style=\"text-align: center;\"><span style=\"font-size: large;\"><span style=\"color: #474747;\">Tambi\u00e9n distribuimos en Palencia, Salda\u00f1a y Burgos.<\/span><\/span><\/p>\n<p style=\"text-align: center;\"><span style=\"font-size: large;\"><span style=\"color: #474747;\"><\/span><\/span><\/p>\n<p style=\"text-align: left;\"><span style=\"font-size: medium; color: #595959;\">* Disponible Loteria Nacional Semanal<\/span><\/p>\n<p>[\/et_pb_text][\/et_pb_column][et_pb_column type=\u00bb1_2&#8243; _builder_version=\u00bb3.28&#8243; _i=\u00bb1&#8243; _address=\u00bb1.0.1&#8243;][et_pb_code _builder_version=\u00bb3.28&#8243; text_orientation=\u00bbcenter\u00bb width=\u00bb90%\u00bb module_alignment=\u00bbcenter\u00bb custom_margin=\u00bb38px|||||\u00bb _i=\u00bb0&#8243; _address=\u00bb1.0.1.0&#8243;]<iframe loading=\"lazy\" width=\"560\" height=\"315\" src=\"https:\/\/www.youtube.com\/embed\/zU9gRQbd4mo?si=CgjorCICdc1QcuvO\" title=\"YouTube video player\" frameborder=\"0\" allow=\"accelerometer; autoplay; clipboard-write; encrypted-media; gyroscope; picture-in-picture; web-share\" referrerpolicy=\"strict-origin-when-cross-origin\" allowfullscreen><\/iframe>[\/et_pb_code][\/et_pb_column][\/et_pb_row][\/et_pb_section][et_pb_section fb_built=\u00bb1&#8243; _builder_version=\u00bb3.28&#8243; fb_built=\u00bb1&#8243; _i=\u00bb2&#8243; _address=\u00bb2&#8243;][et_pb_row column_structure=\u00bb1_2,1_2&#8243; _builder_version=\u00bb3.28&#8243; width=\u00bb95.4%\u00bb module_alignment=\u00bbcenter\u00bb custom_margin=\u00bb|auto||0px|false|false\u00bb _i=\u00bb0&#8243; _address=\u00bb2.0&#8243;][et_pb_column type=\u00bb1_2&#8243; _builder_version=\u00bb3.28&#8243; _i=\u00bb0&#8243; _address=\u00bb2.0.0&#8243;][et_pb_button button_text=\u00bbENV\u00cdOS DE LOTER\u00cdA POR CORREO CERTIFICADO\u00bb button_alignment=\u00bbcenter\u00bb _builder_version=\u00bb3.28&#8243; custom_button=\u00bbon\u00bb button_text_size=\u00bb26px\u00bb button_text_color=\u00bb#ffffff\u00bb button_bg_color=\u00bb#0c71c3&#8243; button_border_width=\u00bb11px\u00bb button_border_color=\u00bb#0c71c3&#8243; button_border_radius=\u00bb47px\u00bb button_letter_spacing=\u00bb0px\u00bb button_font=\u00bb|700|||||||\u00bb button_use_icon=\u00bboff\u00bb button_bg_enable_color=\u00bbon\u00bb _i=\u00bb0&#8243; _address=\u00bb2.0.0.0&#8243;][\/et_pb_button][et_pb_text _builder_version=\u00bb3.28&#8243; width=\u00bb89%\u00bb module_alignment=\u00bbcenter\u00bb custom_padding=\u00bb|0px|0px|0px|false|false\u00bb _i=\u00bb1&#8243; _address=\u00bb2.0.0.1&#8243;]<\/p>\n<h1 style=\"text-align: center;\"><strong><\/strong><\/h1>\n<p style=\"text-align: center;\"><span style=\"font-size: x-large;\"><strong><\/strong><\/span><\/p>\n<p style=\"text-align: center;\"><span style=\"font-size: x-large;\">Si has buscado tu d\u00e9cimo de Loter\u00eda de la suerte y lo tenemos en nuestra administraci\u00f3n podemos envi\u00e1rtelo por correo certificado.<\/span><\/p>\n<p style=\"text-align: center;\"><span style=\"font-size: x-large;\">\u00a0<\/span><\/p>\n<p style=\"text-align: center;\"><span style=\"font-size: x-large;\">El precio del env\u00edo son 8\u20ac y puedes realizar el pago v\u00eda BIZUM o Transferencia Bancaria.\u00a0<\/span><\/p>\n<p style=\"text-align: center;\"><span style=\"font-size: x-large;\">\u00a0<\/span><\/p>\n<p style=\"text-align: center;\"><span style=\"font-size: x-large;\">Puedes hacer tu pedido <\/span><span style=\"font-size: x-large;\">via<a href=\"https:\/\/wa.me\/34942319018\"> WhatsApp al 942 319 018<\/a> o utilizar el formulario. <\/span><\/p>\n<p style=\"text-align: center;\"><span style=\"font-size: x-large;\">Necesitaremos la direcci\u00f3n a la que quieras que te lo enviemos y un tel\u00e9fono para que el transportista pueda localizarte.<\/span><\/p>\n<p style=\"text-align: center;\"><span style=\"font-size: x-large;\">\u00a0<\/span><\/p>\n<blockquote>\n<p style=\"text-align: center;\"><span style=\"font-size: x-large;\">Puedes buscar <a href=\"https:\/\/www.loteriasyapuestas.es\/es\/buscar-decimo\">aqu\u00ed donde est\u00e1 tu d\u00e9cimo.\u00a0<\/a><\/span><\/p>\n<\/blockquote>\n<p>[\/et_pb_text][\/et_pb_column][et_pb_column type=\u00bb1_2&#8243; _builder_version=\u00bb3.28&#8243; _i=\u00bb1&#8243; _address=\u00bb2.0.1&#8243;][et_pb_contact_form captcha=\u00bboff\u00bb _builder_version=\u00bb3.28&#8243; form_field_background_color=\u00bbrgba(9,133,249,0.1)\u00bb form_field_text_color=\u00bb#000000&#8243; width=\u00bb90%\u00bb module_alignment=\u00bbcenter\u00bb custom_padding=\u00bb39px|||||\u00bb border_radii=\u00bbon|11px|11px|11px|11px\u00bb border_width_all=\u00bb3px\u00bb border_color_all=\u00bb#0c71c3&#8243; border_style_all=\u00bbgroove\u00bb box_shadow_style=\u00bbpreset4&#8243; box_shadow_horizontal=\u00bb8px\u00bb box_shadow_vertical=\u00bb5px\u00bb box_shadow_blur=\u00bb5px\u00bb box_shadow_spread=\u00bb-4px\u00bb box_shadow_position=\u00bbinner\u00bb _i=\u00bb0&#8243; _address=\u00bb2.0.1.0&#8243;][et_pb_contact_field field_id=\u00bbName\u00bb field_title=\u00bbNombre\u00bb _builder_version=\u00bb3.16&#8243; _i=\u00bb0&#8243; _address=\u00bb2.0.1.0.0&#8243; button_text_size__hover_enabled=\u00bboff\u00bb button_one_text_size__hover_enabled=\u00bboff\u00bb button_two_text_size__hover_enabled=\u00bboff\u00bb button_text_color__hover_enabled=\u00bboff\u00bb button_one_text_color__hover_enabled=\u00bboff\u00bb button_two_text_color__hover_enabled=\u00bboff\u00bb button_border_width__hover_enabled=\u00bboff\u00bb button_one_border_width__hover_enabled=\u00bboff\u00bb button_two_border_width__hover_enabled=\u00bboff\u00bb button_border_color__hover_enabled=\u00bboff\u00bb button_one_border_color__hover_enabled=\u00bboff\u00bb button_two_border_color__hover_enabled=\u00bboff\u00bb button_border_radius__hover_enabled=\u00bboff\u00bb button_one_border_radius__hover_enabled=\u00bboff\u00bb button_two_border_radius__hover_enabled=\u00bboff\u00bb button_letter_spacing__hover_enabled=\u00bboff\u00bb button_one_letter_spacing__hover_enabled=\u00bboff\u00bb button_two_letter_spacing__hover_enabled=\u00bboff\u00bb button_bg_color__hover_enabled=\u00bboff\u00bb button_one_bg_color__hover_enabled=\u00bboff\u00bb button_two_bg_color__hover_enabled=\u00bboff\u00bb][\/et_pb_contact_field][et_pb_contact_field field_id=\u00bbEmail\u00bb field_title=\u00bbDirecci\u00f3n de correo electr\u00f3nico\u00bb field_type=\u00bbemail\u00bb required_mark=\u00bboff\u00bb _builder_version=\u00bb3.28&#8243; _i=\u00bb1&#8243; _address=\u00bb2.0.1.0.1&#8243; button_text_size__hover_enabled=\u00bboff\u00bb button_one_text_size__hover_enabled=\u00bboff\u00bb button_two_text_size__hover_enabled=\u00bboff\u00bb button_text_color__hover_enabled=\u00bboff\u00bb button_one_text_color__hover_enabled=\u00bboff\u00bb button_two_text_color__hover_enabled=\u00bboff\u00bb button_border_width__hover_enabled=\u00bboff\u00bb button_one_border_width__hover_enabled=\u00bboff\u00bb button_two_border_width__hover_enabled=\u00bboff\u00bb button_border_color__hover_enabled=\u00bboff\u00bb button_one_border_color__hover_enabled=\u00bboff\u00bb button_two_border_color__hover_enabled=\u00bboff\u00bb button_border_radius__hover_enabled=\u00bboff\u00bb button_one_border_radius__hover_enabled=\u00bboff\u00bb button_two_border_radius__hover_enabled=\u00bboff\u00bb button_letter_spacing__hover_enabled=\u00bboff\u00bb button_one_letter_spacing__hover_enabled=\u00bboff\u00bb button_two_letter_spacing__hover_enabled=\u00bboff\u00bb button_bg_color__hover_enabled=\u00bboff\u00bb button_one_bg_color__hover_enabled=\u00bboff\u00bb button_two_bg_color__hover_enabled=\u00bboff\u00bb][\/et_pb_contact_field][et_pb_contact_field field_id=\u00bbTel\u00e9fono\u00bb field_title=\u00bbTel\u00e9fono\u00bb fullwidth_field=\u00bbon\u00bb _builder_version=\u00bb3.28&#8243; _i=\u00bb2&#8243; _address=\u00bb2.0.1.0.2&#8243;][\/et_pb_contact_field][et_pb_contact_field field_id=\u00bbN\u00ba_de_Loter\u00eda\u00bb field_title=\u00bbN\u00ba de Loter\u00eda\u00bb fullwidth_field=\u00bbon\u00bb _builder_version=\u00bb3.28&#8243; _i=\u00bb3&#8243; _address=\u00bb2.0.1.0.3&#8243;][\/et_pb_contact_field][et_pb_contact_field field_id=\u00bbDirecci\u00f3n_de_Env\u00edo\u00bb field_title=\u00bbDirecci\u00f3n de Env\u00edo\u00bb required_mark=\u00bboff\u00bb fullwidth_field=\u00bbon\u00bb _builder_version=\u00bb3.28&#8243; _i=\u00bb4&#8243; _address=\u00bb2.0.1.0.4&#8243;][\/et_pb_contact_field][et_pb_contact_field field_id=\u00bbMessage\u00bb field_title=\u00bbMensaje\u00bb field_type=\u00bbtext\u00bb fullwidth_field=\u00bbon\u00bb _builder_version=\u00bb3.16&#8243; _i=\u00bb5&#8243; _address=\u00bb2.0.1.0.5&#8243; button_text_size__hover_enabled=\u00bboff\u00bb button_one_text_size__hover_enabled=\u00bboff\u00bb button_two_text_size__hover_enabled=\u00bboff\u00bb button_text_color__hover_enabled=\u00bboff\u00bb button_one_text_color__hover_enabled=\u00bboff\u00bb button_two_text_color__hover_enabled=\u00bboff\u00bb button_border_width__hover_enabled=\u00bboff\u00bb button_one_border_width__hover_enabled=\u00bboff\u00bb button_two_border_width__hover_enabled=\u00bboff\u00bb button_border_color__hover_enabled=\u00bboff\u00bb button_one_border_color__hover_enabled=\u00bboff\u00bb button_two_border_color__hover_enabled=\u00bboff\u00bb button_border_radius__hover_enabled=\u00bboff\u00bb button_one_border_radius__hover_enabled=\u00bboff\u00bb button_two_border_radius__hover_enabled=\u00bboff\u00bb button_letter_spacing__hover_enabled=\u00bboff\u00bb button_one_letter_spacing__hover_enabled=\u00bboff\u00bb button_two_letter_spacing__hover_enabled=\u00bboff\u00bb button_bg_color__hover_enabled=\u00bboff\u00bb button_one_bg_color__hover_enabled=\u00bboff\u00bb button_two_bg_color__hover_enabled=\u00bboff\u00bb][\/et_pb_contact_field][\/et_pb_contact_form][\/et_pb_column][\/et_pb_row][\/et_pb_section][et_pb_section fb_built=\u00bb1&#8243; _builder_version=\u00bb3.28&#8243; background_color=\u00bbrgba(134,204,172,0.57)\u00bb fb_built=\u00bb1&#8243; _i=\u00bb3&#8243; _address=\u00bb3&#8243;][et_pb_row _builder_version=\u00bb3.28&#8243; _i=\u00bb0&#8243; _address=\u00bb3.0&#8243;][et_pb_column type=\u00bb4_4&#8243; _builder_version=\u00bb3.28&#8243; _i=\u00bb0&#8243; _address=\u00bb3.0.0&#8243;][et_pb_text _builder_version=\u00bb3.28&#8243; text_text_color=\u00bb#ffffff\u00bb text_font_size=\u00bb13px\u00bb text_letter_spacing=\u00bb2px\u00bb text_line_height=\u00bb2.5em\u00bb background_color=\u00bb#00d38d\u00bb text_orientation=\u00bbcenter\u00bb width=\u00bb96%\u00bb module_alignment=\u00bbcenter\u00bb custom_margin=\u00bb0px||||false|false\u00bb custom_padding=\u00bb10px|25px|10px|25px|false|false\u00bb link_option_url=\u00bbhttps:\/\/wa.link\/id8nxv\u00bb link_option_url_new_window=\u00bbon\u00bb border_radii=\u00bbon|44px|44px|44px|44px\u00bb _i=\u00bb0&#8243; _address=\u00bb3.0.0.0&#8243;]<\/p>\n<p>&nbsp;<\/p>\n<h1 style=\"text-align: center;\"><span style=\"color: #ffffff;\"><strong>AHORRA EN GASTOS DE ENV\u00cdO<\/strong><\/span><\/h1>\n<p><span style=\"color: #ffffff;\"><strong><\/strong><\/span><\/p>\n<p style=\"text-align: center;\">PIDENOS M\u00c1S INFORMACI\u00d3N<\/p>\n<p><span style=\"color: #000000;\"><\/span><\/p>\n<p><span style=\"color: #000000;\"><em><\/em><\/span><\/p>\n<p style=\"text-align: center;\"><span style=\"color: #000000;\"><em><\/em><\/span><\/p>\n<p>[\/et_pb_text][\/et_pb_column][\/et_pb_row][\/et_pb_section][et_pb_section fb_built=\u00bb1&#8243; admin_label=\u00bbHeader\u00bb _builder_version=\u00bb3.28&#8243; background_color=\u00bb#eaeaea\u00bb custom_margin=\u00bb||-146px|||\u00bb custom_padding=\u00bb0px||0px||false|false\u00bb global_module=\u00bb177&#8243; saved_tabs=\u00bball\u00bb collapsed=\u00bboff\u00bb fb_built=\u00bb1&#8243; global_colors_info=\u00bb{}\u00bb _i=\u00bb0&#8243; _address=\u00bb1&#8243;][et_pb_row column_structure=\u00bb1_2,1_2&#8243; _builder_version=\u00bb3.28&#8243; _i=\u00bb0&#8243; _address=\u00bb4.0&#8243;][et_pb_column type=\u00bb1_2&#8243; _builder_version=\u00bb3.28&#8243; _i=\u00bb0&#8243; _address=\u00bb4.0.0&#8243;][et_pb_text _builder_version=\u00bb3.28&#8243; _i=\u00bb0&#8243; _address=\u00bb4.0.0.0&#8243;]<\/p>\n<h1><strong>Contacto<\/strong><\/h1>\n<p>[\/et_pb_text][et_pb_text _builder_version=\u00bb3.28&#8243; text_font_size=\u00bb12px\u00bb header_font_size=\u00bb25px\u00bb _i=\u00bb1&#8243; _address=\u00bb4.0.0.1&#8243;]<\/p>\n<h3>Tel\u00e9fono:\u00a0\u00a0<\/h3>\n<h3><strong><span style=\"color: #000080;\"><a href=\"tel:942319018\" style=\"color: #000080;\">942 319 018<\/a><\/span><\/strong><\/h3>\n<p>[\/et_pb_text][et_pb_text _builder_version=\u00bb3.28&#8243; text_font_size=\u00bb12px\u00bb width=\u00bb80%\u00bb _i=\u00bb2&#8243; _address=\u00bb4.0.0.2&#8243;]<\/p>\n<h3>Email:\u00a0\u00a0<\/h3>\n<h3><span style=\"font-size: large;\"><strong><span style=\"color: #000080;\"><a href=\"mailto:loteria@grupotarilonte.com\" style=\"color: #000080;\">loteria@grupotarilonte.com<\/a><\/span><\/strong><\/span><\/h3>\n<p>[\/et_pb_text][et_pb_text _builder_version=\u00bb3.28&#8243; text_text_color=\u00bb#000000&#8243; text_font_size=\u00bb20px\u00bb text_line_height=\u00bb1.8em\u00bb background_color=\u00bbrgba(32,181,27,0.55)\u00bb custom_padding=\u00bb10px|10px|10px|10px|false|false\u00bb link_option_url=\u00bbhttps:\/\/wa.me\/34942319018&#8243; link_option_url_new_window=\u00bbon\u00bb border_radii=\u00bbon|35px|35px|35px|35px\u00bb _i=\u00bb3&#8243; _address=\u00bb4.0.0.3&#8243;]<\/p>\n<p style=\"text-align: center;\"><span style=\"color: #ffffff;\">Puedes ponerte en contacto con nosotros<\/span><\/p>\n<p style=\"text-align: center;\"><span style=\"color: #ffffff;\">v\u00eda <strong>WhatsApp<\/strong> al <strong>942319018<\/strong><\/span><\/p>\n<p style=\"text-align: center;\"><span style=\"color: #ffffff;\">o haciendo <span style=\"color: #ff0202;\"><strong><a href=\"https:\/\/wa.me\/34942319018\" style=\"color: #ff0202;\">clic aqu\u00ed<\/a><\/strong><\/span><\/span><\/p>\n<p>[\/et_pb_text][et_pb_text _builder_version=\u00bb3.28&#8243; _i=\u00bb4&#8243; _address=\u00bb4.0.0.4&#8243;]<\/p>\n<p><span style=\"font-size: large;\">O puedes dejar tu mensaje en el formulario:<\/span><\/p>\n<p>[\/et_pb_text][et_pb_contact_form captcha=\u00bboff\u00bb _builder_version=\u00bb3.28&#8243; _i=\u00bb5&#8243; _address=\u00bb4.0.0.5&#8243;][et_pb_contact_field field_id=\u00bbName\u00bb field_title=\u00bbNombre\u00bb _builder_version=\u00bb3.28&#8243; form_field_background_color=\u00bb#ffffff\u00bb background_color=\u00bb#ffffff\u00bb background_enable_color=\u00bbon\u00bb _i=\u00bb0&#8243; _address=\u00bb4.0.0.5.0&#8243; button_text_size__hover_enabled=\u00bboff\u00bb button_one_text_size__hover_enabled=\u00bboff\u00bb button_two_text_size__hover_enabled=\u00bboff\u00bb button_text_color__hover_enabled=\u00bboff\u00bb button_one_text_color__hover_enabled=\u00bboff\u00bb button_two_text_color__hover_enabled=\u00bboff\u00bb button_border_width__hover_enabled=\u00bboff\u00bb button_one_border_width__hover_enabled=\u00bboff\u00bb button_two_border_width__hover_enabled=\u00bboff\u00bb button_border_color__hover_enabled=\u00bboff\u00bb button_one_border_color__hover_enabled=\u00bboff\u00bb button_two_border_color__hover_enabled=\u00bboff\u00bb button_border_radius__hover_enabled=\u00bboff\u00bb button_one_border_radius__hover_enabled=\u00bboff\u00bb button_two_border_radius__hover_enabled=\u00bboff\u00bb button_letter_spacing__hover_enabled=\u00bboff\u00bb button_one_letter_spacing__hover_enabled=\u00bboff\u00bb button_two_letter_spacing__hover_enabled=\u00bboff\u00bb button_bg_color__hover_enabled=\u00bboff\u00bb button_one_bg_color__hover_enabled=\u00bboff\u00bb button_two_bg_color__hover_enabled=\u00bboff\u00bb][\/et_pb_contact_field][et_pb_contact_field field_id=\u00bbEmail\u00bb field_title=\u00bbDirecci\u00f3n de correo electr\u00f3nico\u00bb field_type=\u00bbemail\u00bb _builder_version=\u00bb3.28&#8243; form_field_background_color=\u00bb#ffffff\u00bb background_color=\u00bbrgba(0,0,0,0)\u00bb background_enable_color=\u00bbon\u00bb _i=\u00bb1&#8243; _address=\u00bb4.0.0.5.1&#8243; button_text_size__hover_enabled=\u00bboff\u00bb button_one_text_size__hover_enabled=\u00bboff\u00bb button_two_text_size__hover_enabled=\u00bboff\u00bb button_text_color__hover_enabled=\u00bboff\u00bb button_one_text_color__hover_enabled=\u00bboff\u00bb button_two_text_color__hover_enabled=\u00bboff\u00bb button_border_width__hover_enabled=\u00bboff\u00bb button_one_border_width__hover_enabled=\u00bboff\u00bb button_two_border_width__hover_enabled=\u00bboff\u00bb button_border_color__hover_enabled=\u00bboff\u00bb button_one_border_color__hover_enabled=\u00bboff\u00bb button_two_border_color__hover_enabled=\u00bboff\u00bb button_border_radius__hover_enabled=\u00bboff\u00bb button_one_border_radius__hover_enabled=\u00bboff\u00bb button_two_border_radius__hover_enabled=\u00bboff\u00bb button_letter_spacing__hover_enabled=\u00bboff\u00bb button_one_letter_spacing__hover_enabled=\u00bboff\u00bb button_two_letter_spacing__hover_enabled=\u00bboff\u00bb button_bg_color__hover_enabled=\u00bboff\u00bb button_one_bg_color__hover_enabled=\u00bboff\u00bb button_two_bg_color__hover_enabled=\u00bboff\u00bb][\/et_pb_contact_field][et_pb_contact_field field_id=\u00bbMessage\u00bb field_title=\u00bbMensaje\u00bb field_type=\u00bbtext\u00bb fullwidth_field=\u00bbon\u00bb _builder_version=\u00bb3.28&#8243; form_field_background_color=\u00bb#ffffff\u00bb background_color=\u00bb#ffffff\u00bb background_enable_color=\u00bbon\u00bb _i=\u00bb2&#8243; _address=\u00bb4.0.0.5.2&#8243; button_text_size__hover_enabled=\u00bboff\u00bb button_one_text_size__hover_enabled=\u00bboff\u00bb button_two_text_size__hover_enabled=\u00bboff\u00bb button_text_color__hover_enabled=\u00bboff\u00bb button_one_text_color__hover_enabled=\u00bboff\u00bb button_two_text_color__hover_enabled=\u00bboff\u00bb button_border_width__hover_enabled=\u00bboff\u00bb button_one_border_width__hover_enabled=\u00bboff\u00bb button_two_border_width__hover_enabled=\u00bboff\u00bb button_border_color__hover_enabled=\u00bboff\u00bb button_one_border_color__hover_enabled=\u00bboff\u00bb button_two_border_color__hover_enabled=\u00bboff\u00bb button_border_radius__hover_enabled=\u00bboff\u00bb button_one_border_radius__hover_enabled=\u00bboff\u00bb button_two_border_radius__hover_enabled=\u00bboff\u00bb button_letter_spacing__hover_enabled=\u00bboff\u00bb button_one_letter_spacing__hover_enabled=\u00bboff\u00bb button_two_letter_spacing__hover_enabled=\u00bboff\u00bb button_bg_color__hover_enabled=\u00bboff\u00bb button_one_bg_color__hover_enabled=\u00bboff\u00bb button_two_bg_color__hover_enabled=\u00bboff\u00bb][\/et_pb_contact_field][\/et_pb_contact_form][\/et_pb_column][et_pb_column type=\u00bb1_2&#8243; _builder_version=\u00bb3.28&#8243; _i=\u00bb1&#8243; _address=\u00bb4.0.1&#8243;][et_pb_text _builder_version=\u00bb3.28&#8243; _i=\u00bb0&#8243; _address=\u00bb4.0.1.0&#8243;]<\/p>\n<h1><strong>Ubicaci\u00f3n<\/strong><\/h1>\n<p>[\/et_pb_text][et_pb_text _builder_version=\u00bb3.28&#8243; text_line_height=\u00bb2.2em\u00bb header_font_size=\u00bb34px\u00bb header_letter_spacing=\u00bb13px\u00bb header_line_height=\u00bb1.3em\u00bb custom_margin=\u00bb0px||||false|false\u00bb _i=\u00bb1&#8243; _address=\u00bb4.0.1.1&#8243;]<\/p>\n<h2>Calle Alta 66<\/h2>\n<h3>39008 Santander<\/h3>\n<h3>Cantabria<\/h3>\n<p>[\/et_pb_text][et_pb_code _builder_version=\u00bb3.28&#8243; link_option_url=\u00bbhttps:\/\/maps.app.goo.gl\/8CJX9ZKHSjGNRLPJ9&#8243; link_option_url_new_window=\u00bbon\u00bb _i=\u00bb2&#8243; _address=\u00bb4.0.1.2&#8243;]<iframe loading=\"lazy\" src=\"https:\/\/www.google.com\/maps\/embed?pb=!1m18!1m12!1m3!1d3865.015232515521!2d-3.8229544909830646!3d43.471247743099745!2m3!1f0!2f0!3f0!3m2!1i1024!2i768!4f13.1!3m3!1m2!1s0xd494bd34bb68e87%3A0x232105afddc01f9f!2sAdministraci%C3%B3n%20de%20Loter%C3%ADa%20N%2031!5e0!3m2!1ses!2ses!4v1712661746906!5m2!1ses!2ses\" width=\"100%\" height=\"500\" style=\"border:0;\" allowfullscreen><\/iframe>[\/et_pb_code][\/et_pb_column][\/et_pb_row][\/et_pb_section]<\/p>\n","protected":false},"excerpt":{"rendered":"<p>[et_pb_section fb_built=\u00bb1&#8243; _builder_version=\u00bb3.28&#8243; custom_margin=\u00bb||3px|||\u00bb custom_padding=\u00bb37px||37px|||\u00bb fb_built=\u00bb1&#8243; _i=\u00bb0&#8243; _address=\u00bb0&#8243;][et_pb_row column_structure=\u00bb1_3,2_3&#8243; _builder_version=\u00bb3.28&#8243; custom_padding=\u00bb||53px|||\u00bb _i=\u00bb0&#8243; _address=\u00bb0.0&#8243;][et_pb_column type=\u00bb1_3&#8243; _builder_version=\u00bb3.28&#8243; _i=\u00bb0&#8243; _address=\u00bb0.0.0&#8243;][et_pb_image src=\u00bbhttps:\/\/loteriacallealtasantander.com\/wp-content\/uploads\/2024\/04\/logo-sin-fondo.png\u00bb _builder_version=\u00bb3.28&#8243; _i=\u00bb0&#8243; _address=\u00bb0.0.0.0&#8243;][\/et_pb_image][\/et_pb_column][et_pb_column type=\u00bb2_3&#8243; _builder_version=\u00bb3.28&#8243; _i=\u00bb1&#8243; _address=\u00bb0.0.1&#8243;][et_pb_image src=\u00bbhttps:\/\/loteriacallealtasantander.com\/wp-content\/uploads\/2024\/04\/Fachada-exterior-scaled.jpg\u00bb _builder_version=\u00bb3.28&#8243; _i=\u00bb0&#8243; _address=\u00bb0.0.1.0&#8243;][\/et_pb_image][\/et_pb_column][\/et_pb_row][\/et_pb_section][et_pb_section fb_built=\u00bb1&#8243; _builder_version=\u00bb3.28&#8243; background_color=\u00bbrgba(9,133,249,0.1)\u00bb fb_built=\u00bb1&#8243; _i=\u00bb1&#8243; _address=\u00bb1&#8243;][et_pb_row column_structure=\u00bb1_2,1_2&#8243; _builder_version=\u00bb3.28&#8243; width=\u00bb94.4%\u00bb custom_margin=\u00bb||||false|false\u00bb custom_padding=\u00bb31px|||||\u00bb _i=\u00bb0&#8243; _address=\u00bb1.0&#8243;][et_pb_column type=\u00bb1_2&#8243; _builder_version=\u00bb3.28&#8243; _i=\u00bb0&#8243; _address=\u00bb1.0.0&#8243;][et_pb_button button_text=\u00bbLOTER\u00cdA DE NAVIDAD PARA BARES Y EMPRESAS\u00bb button_alignment=\u00bbcenter\u00bb _builder_version=\u00bb3.28&#8243; [&hellip;]<\/p>\n","protected":false},"author":1,"featured_media":0,"parent":0,"menu_order":0,"comment_status":"closed","ping_status":"closed","template":"","meta":{"_et_pb_use_builder":"on","_et_pb_old_content":"","footnotes":""},"_links":{"self":[{"href":"https:\/\/loteriacallealtasantander.com\/index.php?rest_route=\/wp\/v2\/pages\/101"}],"collection":[{"href":"https:\/\/loteriacallealtasantander.com\/index.php?rest_route=\/wp\/v2\/pages"}],"about":[{"href":"https:\/\/loteriacallealtasantander.com\/index.php?rest_route=\/wp\/v2\/types\/page"}],"author":[{"embeddable":true,"href":"https:\/\/loteriacallealtasantander.com\/index.php?rest_route=\/wp\/v2\/users\/1"}],"replies":[{"embeddable":true,"href":"https:\/\/loteriacallealtasantander.com\/index.php?rest_route=%2Fwp%2Fv2%2Fcomments&post=101"}],"version-history":[{"count":101,"href":"https:\/\/loteriacallealtasantander.com\/index.php?rest_route=\/wp\/v2\/pages\/101\/revisions"}],"predecessor-version":[{"id":468,"href":"https:\/\/loteriacallealtasantander.com\/index.php?rest_route=\/wp\/v2\/pages\/101\/revisions\/468"}],"wp:attachment":[{"href":"https:\/\/loteriacallealtasantander.com\/index.php?rest_route=%2Fwp%2Fv2%2Fmedia&parent=101"}],"curies":[{"name":"wp","href":"https:\/\/api.w.org\/{rel}","templated":true}]}}